{"id":32,"date":"2026-02-25T22:37:57","date_gmt":"2026-02-25T22:37:57","guid":{"rendered":"https:\/\/youandguide.me\/?page_id=32"},"modified":"2026-04-07T13:32:21","modified_gmt":"2026-04-07T12:32:21","slug":"blog","status":"publish","type":"page","link":"https:\/\/youandguide.me\/en\/blog\/","title":{"rendered":"Blog"},"content":{"rendered":"<div class=\"brz brz-root__container brz-reset-all brz-root__container-page\">\n<section id=\"fpc6madLtkBt_fpc6madLtkBt\" class=\"brz-section brz-css-d-section brz-css-anuj2g\">\n<div class=\"brz-section__content brz-section--fullWidth brz-css-d-sectionitem-bg brz-css-tgyvrj\" data-brz-custom-id=\"u5texvKn9s1K\">\n<div class=\"brz-bg\">\n<div class=\"brz-bg-color\"><\/div>\n<\/div>\n<div class=\"brz-container brz-css-d-sectionitem-container brz-css-1v84rub\">\n<div class=\"brz-row__container brz-css-d-row-row brz-css-1af4itk\" data-brz-custom-id=\"hiBPxP6htoth\">\n<div class=\"brz-row brz-css-d-row-container brz-css-5x0v7k\">\n<div class=\"brz-columns brz-css-d-column-column brz-css-14aftp4\" data-brz-custom-id=\"qKQrST_fNke9\">\n<div class=\"brz-column__items brz-css-d-column-bg brz-css-29dds5\">\n<div id=\"\" class=\"brz-css-d-wrapper brz-css-138095o brz-wrapper\">\n<div class=\"brz-rich-text brz-rich-text__custom brz-css-d-richtext brz-css-qo6gk7\" data-brz-custom-id=\"yfWzZRNvROsK\">\n<div data-brz-translate-text=\"1\">\n<h2 class=\"brz-text-lg-justify brz-tp-lg-heading2 brz-text-xs-center brz-css-eCSd1\" data-uniq-id=\"a6tqs\" data-generated-css=\"brz-css-zp5dp\"><span class=\"brz-cp-color1\">News and updates<\/span><\/h2>\n<\/div>\n<\/div>\n<\/div>\n<div id=\"\" class=\"brz-css-d-wrapper brz-css-eqj4xk brz-wrapper\">\n<div class=\"brz-image brz-css-d-image-xachiqh2sm_r-parent brz-css-xl5mis\" data-brz-custom-id=\"xACHIqH2Sm_r\"><img decoding=\"async\" class=\"brz-img\" src=\"https:\/\/youandguide.me\/wp-content\/uploads\/2026\/02\/ChatGPT_Image_Feb_27__2026__11_12_18_PM-removebg-preview.png\" loading=\"lazy\" title=\"\"><\/div>\n<\/div>\n<\/div>\n<\/div>\n<div class=\"brz-columns brz-css-d-column-column brz-css-19u2dcd\" data-brz-custom-id=\"h9iwdwphO9kc\">\n<div class=\"brz-column__items brz-css-d-column-bg brz-css-4zh2ed\">\n<div class=\"brz-row__container brz-css-d-row-row brz-css-c95pdr\" data-brz-custom-id=\"uJrYUQY__nRz\">\n<div class=\"brz-row brz-row--inner brz-css-d-row-container brz-css-dqto3z\">\n<div class=\"brz-columns brz-css-d-column-column brz-css-485ijz\" data-brz-custom-id=\"toAoy2jMXkDF\">\n<div class=\"brz-column__items brz-css-d-column-bg brz-css-e3ni7\">\n<div id=\"\" class=\"brz-css-d-wrapper brz-css-1yfia56 brz-wrapper\">\n<div class=\"brz-rich-text brz-rich-text__custom brz-css-d-richtext brz-css-hm66rf\" data-brz-custom-id=\"p0U6ob8HXPON\">\n<div data-brz-translate-text=\"1\">\n<p class=\"brz-text-lg-justify brz-fs-lg-30 brz-ft-google brz-ff-cormorant_garamond brz-fsft-lg-0 brz-fwdth-lg-100 brz-vfw-lg-400 brz-lh-lg-1_2 brz-ls-lg-0 brz-fw-lg-400 brz-fss-lg-px brz-tp-lg-iWkdDI3piJBW brz-tp-xs-paragraph brz-text-xs-left brz-css-fesNj\" data-generated-css=\"brz-css-tKnhi\" data-uniq-id=\"sOCtB\"><span class=\"brz-cp-color1\">Stay up to date with all the news, promotions and events from Montenegro. <\/span><\/p>\n<p class=\"brz-text-lg-justify brz-fs-lg-30 brz-ft-google brz-ff-cormorant_garamond brz-fsft-lg-0 brz-fwdth-lg-100 brz-vfw-lg-400 brz-lh-lg-1_2 brz-ls-lg-0 brz-fw-lg-400 brz-fss-lg-px brz-tp-lg-iWkdDI3piJBW brz-tp-xs-paragraph brz-text-xs-left brz-css-eMhwQ\" data-generated-css=\"brz-css-go_X6\" data-uniq-id=\"dGWZp\"><span class=\"brz-cp-color1\">Here you will find the latest information about our tours and current offers.<\/span><\/p>\n<\/div>\n<\/div>\n<\/div>\n<\/div>\n<\/div>\n<div class=\"brz-columns brz-css-d-column-column brz-css-1c6ttxt\" data-brz-custom-id=\"xoGxsKlui46H\">\n<div class=\"brz-column__items brz-css-d-column-bg brz-css-1m3aj9j\">\n<div class=\"brz-wrapper-clone brz-flex-xs-wrap brz-css-d-cloneable brz-css-fiix3g\" data-brz-custom-id=\"ilEjLMbe3_0O\"><a class=\"brz-a brz-btn brz-css-d-button brz-css-1c49wfg brz-css-d-button-bg brz-css-1ow2laj\" target=\"_self\" rel=\"noopener\" href=\"https:\/\/youandguide.me\/en\/ponuda\/\" data-brz-link-type=\"page\" data-brz-custom-id=\"aRMfnGUIz7qw\"><span data-brz-translate-text=\"1\" class=\"brz-span brz-text__editor\">See all Tours<\/span><\/a><\/div>\n<\/div>\n<\/div>\n<\/div>\n<\/div>\n<div id=\"\" class=\"brz-css-d-wrapper brz-css-1dq7p78 brz-wrapper\">\n<div class=\"brz-line brz-line-default brz-css-d-line brz-css-17f9ait\" data-brz-custom-id=\"jNaCbijI1Py8\">\n<hr class=\"brz-hr\"><\/div>\n<\/div>\n<\/div>\n<\/div>\n<\/div>\n<\/div>\n<div id=\"\" class=\"brz-css-d-wrapper brz-css-r-wrapper brz-css-190hnum brz-wrapper\">\n<div class=\"brz-spacer brz-css-d-spacer brz-css-7098qd\"><\/div>\n<\/div>\n<div id=\"\" class=\"brz-css-d-wrapper brz-css-r-wrapper brz-css-26w1j6 brz-wrapper\">\n<div class=\"brz-posts brz-css-d-posts brz-css-10wii32\" data-brz-custom-id=\"qUEPTuc5PexW\">\n<div class=\"brz-posts__wrapper\">\n<div class=\"brz-posts__item\">\n<div class=\"brz-columns brz-css-d-column-column brz-css-r-column-column brz-css-u2adhm\" data-brz-custom-id=\"qMZLLwCs9sIi\">\n<div class=\"brz-hover-animation__container\" data-brz-hover-animationid=\"qMZLLwCs9sIi\" data-brz-hover-options=\"%7B%22fill%22:%22forwards%22,%22easing%22:%22ease%22,%22duration%22:600,%22iterations%22:1%7D\" data-brz-hover-reversible=\"true\" data-brz-hover-target=\"%22parent%22\" data-brz-hover-animation=\"%5B%7B%22WebkitTransform%22:%22translateY(-0px)%22,%22transform%22:%22translateY(-0px)%22,%22offset%22:0%7D,%7B%22WebkitTransform%22:%22translateY(-8px)%22,%22transform%22:%22translateY(-8px)%22,%22offset%22:1%7D%5D\">\n<div class=\"brz-bg\"><\/div>\n<div class=\"brz-column__items brz-css-d-column-bg brz-css-prw2v9\">\n<div id=\"\" class=\"brz-css-d-wrapper brz-css-153dznp brz-wrapper\">\n<div class=\"brz-image brz-css-d-image-fhtnu7k9gnwm-parent brz-css-yc4cw4\" data-brz-custom-id=\"fhTNU7k9gNWm\"><a class=\"brz-a\" target=\"_self\" rel=\"noopener\" href=\"https:\/\/youandguide.me\/en\/2026\/02\/26\/akcija-popust-na-grupne-ture\/\" data-brz-link-type=\"external\"><img decoding=\"async\" class=\"brz-img\" src=\"https:\/\/youandguide.me\/wp-content\/uploads\/brizy\/imgs\/surprising_media-people-8274238_1280-421x400x0x42x421x315x1772145331.jpg\" loading=\"lazy\" title=\"\"><\/a><\/div>\n<\/div>\n<div id=\"\" class=\"brz-css-d-wrapper brz-css-qyue2o brz-wrapper\">\n<div class=\"brz-wp-title brz-css-d-wppoststitle brz-css-r-wppoststitle brz-css-91qvld\" data-brz-custom-id=\"cTOLnqnIWGiq\"><a class=\"brz-a\" target=\"_self\" rel=\"noopener\" href=\"https:\/\/youandguide.me\/en\/2026\/02\/26\/akcija-popust-na-grupne-ture\/\" data-brz-link-type=\"external\"><\/p>\n<h3 class=\"brz-wp-title-content\" style=\"min-height:20px\">Action: Discount on group tours!<\/h3>\n<p><\/a><\/div>\n<\/div>\n<div id=\"\" class=\"brz-css-d-wrapper brz-css-l2ij5x brz-wrapper\">\n<div class=\"brz-wp-post-excerpt brz-css-d-wppostexcerpt brz-css-r-wppostexcerpt brz-css-w2x8x3\" data-brz-custom-id=\"pWQjZq_rb5wc\">\n<p class=\"brz-wp-post-excerpt-content\" style=\"min-height:20px\">Pozivamo sve grupe i organizacije da iskoriste na\u0161u specijalnu ponudu \u2013 popust od 20% na sve grupne ture! Bilo da dolazite sa prijateljima, kolegama ili porodicom, sada je pravo vreme da isplanirate grupnu turu i istra\u017eite najlep\u0161e delove Crne Gore po povoljnijim cijenama. Na\u0161a ponuda obuhvata sve ture, uklju\u010duju\u0107i vo\u0111ene ture po Skadarskom jezeru, planini Lov\u0107en, Njego\u0161evom mauzoleju, kao i specijalizovane ture koje uklju\u010duju gastronomiju i kulturolo\u0161ke atrakcije. Svi na\u0161i vodi\u010di su licencirani i imaju bogato iskustvo u vo\u0111enju, \u0161to \u0107e va\u0161oj grupi omogu\u0107iti da u\u017eivate u maksimalnom iskustvu. Ova akcija traje do kraja prolje\u0107a, a dostupna je za grupe&hellip;<\/p>\n<\/div>\n<\/div>\n<div class=\"brz-wrapper-clone brz-flex-xs-wrap brz-css-d-cloneable brz-css-xbgeb0\" data-brz-custom-id=\"fLxvb6QPLOtd\"><a class=\"brz-a brz-btn brz-css-d-button brz-css-1jh6xxk brz-css-d-button-bg brz-css-r-button-bg brz-css-bia9aj\" target=\"_self\" rel=\"noopener\" href=\"https:\/\/youandguide.me\/en\/2026\/02\/26\/akcija-popust-na-grupne-ture\/\" data-brz-link-type=\"external\" data-brz-custom-id=\"teQEracB2Wz6\"><span data-brz-translate-text=\"1\" class=\"brz-span brz-text__editor\">More<\/span><\/a><\/div>\n<\/div>\n<\/div>\n<\/div>\n<\/div>\n<div class=\"brz-posts__item\">\n<div class=\"brz-columns brz-css-d-column-column brz-css-r-column-column brz-css-u2adhm\" data-brz-custom-id=\"qMZLLwCs9sIi\">\n<div class=\"brz-hover-animation__container\" data-brz-hover-animationid=\"qMZLLwCs9sIi\" data-brz-hover-options=\"%7B%22fill%22:%22forwards%22,%22easing%22:%22ease%22,%22duration%22:600,%22iterations%22:1%7D\" data-brz-hover-reversible=\"true\" data-brz-hover-target=\"%22parent%22\" data-brz-hover-animation=\"%5B%7B%22WebkitTransform%22:%22translateY(-0px)%22,%22transform%22:%22translateY(-0px)%22,%22offset%22:0%7D,%7B%22WebkitTransform%22:%22translateY(-8px)%22,%22transform%22:%22translateY(-8px)%22,%22offset%22:1%7D%5D\">\n<div class=\"brz-bg\"><\/div>\n<div class=\"brz-column__items brz-css-d-column-bg brz-css-prw2v9\">\n<div id=\"\" class=\"brz-css-d-wrapper brz-css-153dznp brz-wrapper\">\n<div class=\"brz-image brz-css-d-image-fhtnu7k9gnwm-parent brz-css-yc4cw4\" data-brz-custom-id=\"fhTNU7k9gNWm\"><a class=\"brz-a\" target=\"_self\" rel=\"noopener\" href=\"https:\/\/youandguide.me\/en\/2026\/02\/26\/proljecne-ture-na-lovcenu-pocinju\/\" data-brz-link-type=\"external\"><img decoding=\"async\" class=\"brz-img\" src=\"https:\/\/youandguide.me\/wp-content\/uploads\/brizy\/imgs\/milicadukic-mountains-7677818_1280-421x315x0x0x421x315x1772145229.jpg\" loading=\"lazy\" title=\"\"><\/a><\/div>\n<\/div>\n<div id=\"\" class=\"brz-css-d-wrapper brz-css-qyue2o brz-wrapper\">\n<div class=\"brz-wp-title brz-css-d-wppoststitle brz-css-r-wppoststitle brz-css-91qvld\" data-brz-custom-id=\"cTOLnqnIWGiq\"><a class=\"brz-a\" target=\"_self\" rel=\"noopener\" href=\"https:\/\/youandguide.me\/en\/2026\/02\/26\/proljecne-ture-na-lovcenu-pocinju\/\" data-brz-link-type=\"external\"><\/p>\n<h3 class=\"brz-wp-title-content\" style=\"min-height:20px\">Spring tours on Lov\u0107en are starting!<\/h3>\n<p><\/a><\/div>\n<\/div>\n<div id=\"\" class=\"brz-css-d-wrapper brz-css-l2ij5x brz-wrapper\">\n<div class=\"brz-wp-post-excerpt brz-css-d-wppostexcerpt brz-css-r-wppostexcerpt brz-css-w2x8x3\" data-brz-custom-id=\"pWQjZq_rb5wc\">\n<p class=\"brz-wp-post-excerpt-content\" style=\"min-height:20px\">Po\u010detak prolje\u0107a donosi savr\u0161ene uslove za istra\u017eivanje planinskih lepota Lov\u0107ena, a mi ponosno najavljujemo po\u010detak novih tura na Lov\u0107enu! Od Njego\u0161evog mauzoleja na vrhu planine, do vo\u017enje \u017ei\u010darom koja vam omogu\u0107ava panoramski pogled na okolne planine i Boku Kotorsku, ovo je tura koju ne \u017eelite da propustite. Pored istorijskog zna\u010daja, Lov\u0107en nudi i nevjerovatne prirodne lepote koje \u0107ete mo\u0107i da do\u017eivite iz prve ruke. Na\u0161 vodi\u010d \u0107e vas upoznati sa zna\u010dajem Njego\u0161a i drugim istorijskim li\u010dnostima koje su oblikovale istoriju Crne Gore, kao i sa bogatstvom flore i faune koje je Lov\u0107en o\u010duvao. Posjetite jedno od najlep\u0161ih mjesta u Crnoj&hellip;<\/p>\n<\/div>\n<\/div>\n<div class=\"brz-wrapper-clone brz-flex-xs-wrap brz-css-d-cloneable brz-css-xbgeb0\" data-brz-custom-id=\"fLxvb6QPLOtd\"><a class=\"brz-a brz-btn brz-css-d-button brz-css-1jh6xxk brz-css-d-button-bg brz-css-r-button-bg brz-css-bia9aj\" target=\"_self\" rel=\"noopener\" href=\"https:\/\/youandguide.me\/en\/2026\/02\/26\/proljecne-ture-na-lovcenu-pocinju\/\" data-brz-link-type=\"external\" data-brz-custom-id=\"teQEracB2Wz6\"><span data-brz-translate-text=\"1\" class=\"brz-span brz-text__editor\">More<\/span><\/a><\/div>\n<\/div>\n<\/div>\n<\/div>\n<\/div>\n<div class=\"brz-posts__item\">\n<div class=\"brz-columns brz-css-d-column-column brz-css-r-column-column brz-css-u2adhm\" data-brz-custom-id=\"qMZLLwCs9sIi\">\n<div class=\"brz-hover-animation__container\" data-brz-hover-animationid=\"qMZLLwCs9sIi\" data-brz-hover-options=\"%7B%22fill%22:%22forwards%22,%22easing%22:%22ease%22,%22duration%22:600,%22iterations%22:1%7D\" data-brz-hover-reversible=\"true\" data-brz-hover-target=\"%22parent%22\" data-brz-hover-animation=\"%5B%7B%22WebkitTransform%22:%22translateY(-0px)%22,%22transform%22:%22translateY(-0px)%22,%22offset%22:0%7D,%7B%22WebkitTransform%22:%22translateY(-8px)%22,%22transform%22:%22translateY(-8px)%22,%22offset%22:1%7D%5D\">\n<div class=\"brz-bg\"><\/div>\n<div class=\"brz-column__items brz-css-d-column-bg brz-css-prw2v9\">\n<div id=\"\" class=\"brz-css-d-wrapper brz-css-153dznp brz-wrapper\">\n<div class=\"brz-image brz-css-d-image-fhtnu7k9gnwm-parent brz-css-yc4cw4\" data-brz-custom-id=\"fhTNU7k9gNWm\"><a class=\"brz-a\" target=\"_self\" rel=\"noopener\" href=\"https:\/\/youandguide.me\/en\/2026\/02\/26\/novi-termini-za-ture-na-skadarskom-jezeru\/\" data-brz-link-type=\"external\"><img decoding=\"async\" class=\"brz-img\" src=\"https:\/\/youandguide.me\/wp-content\/uploads\/brizy\/imgs\/theotherkev-swans-on-a-misty-lake-4614083_1280-493x315x35x0x421x315x1772145175.jpg\" loading=\"lazy\" title=\"\"><\/a><\/div>\n<\/div>\n<div id=\"\" class=\"brz-css-d-wrapper brz-css-qyue2o brz-wrapper\">\n<div class=\"brz-wp-title brz-css-d-wppoststitle brz-css-r-wppoststitle brz-css-91qvld\" data-brz-custom-id=\"cTOLnqnIWGiq\"><a class=\"brz-a\" target=\"_self\" rel=\"noopener\" href=\"https:\/\/youandguide.me\/en\/2026\/02\/26\/novi-termini-za-ture-na-skadarskom-jezeru\/\" data-brz-link-type=\"external\"><\/p>\n<h3 class=\"brz-wp-title-content\" style=\"min-height:20px\">New dates for tours on Lake Skadar!<\/h3>\n<p><\/a><\/div>\n<\/div>\n<div id=\"\" class=\"brz-css-d-wrapper brz-css-l2ij5x brz-wrapper\">\n<div class=\"brz-wp-post-excerpt brz-css-d-wppostexcerpt brz-css-r-wppostexcerpt brz-css-w2x8x3\" data-brz-custom-id=\"pWQjZq_rb5wc\">\n<p class=\"brz-wp-post-excerpt-content\" style=\"min-height:20px\">Svi ljubitelji prirode i mirnog okru\u017eenja, sada mo\u017eete rezervisati nove termine za vo\u017enju \u010damcem po Skadarskom jezeru! U\u017eivajte u nezaboravnim trenutnicima na jednom od najlep\u0161ih jezera u Evropi, poznatom po bogatom biljnim i \u017eivotinjskim svetom, uklju\u010duju\u0107i i retke ptice poput pelikana. Tokom ture, obi\u0107i \u0107ete plutaju\u0107a ostrva od trske, koja se pomeraju pod naletima vjetra, stvaraju\u0107i jedinstvenu mapu jezera. Tura traje 2-3 sata, a na\u0161 stru\u010dni vodi\u010d \u0107e vas upoznati sa istorijom jezera, pri\u010dama koje okru\u017euju ovaj prelepi vodeni ekosistem i sa najlep\u0161im mestima za slikanje. Rezervi\u0161ite svoje mesto na vreme i iskoristite promotivnu cijenu tokom februara i marta. Idealno&hellip;<\/p>\n<\/div>\n<\/div>\n<div class=\"brz-wrapper-clone brz-flex-xs-wrap brz-css-d-cloneable brz-css-xbgeb0\" data-brz-custom-id=\"fLxvb6QPLOtd\"><a class=\"brz-a brz-btn brz-css-d-button brz-css-1jh6xxk brz-css-d-button-bg brz-css-r-button-bg brz-css-bia9aj\" target=\"_self\" rel=\"noopener\" href=\"https:\/\/youandguide.me\/en\/2026\/02\/26\/novi-termini-za-ture-na-skadarskom-jezeru\/\" data-brz-link-type=\"external\" data-brz-custom-id=\"teQEracB2Wz6\"><span data-brz-translate-text=\"1\" class=\"brz-span brz-text__editor\">More<\/span><\/a><\/div>\n<\/div>\n<\/div>\n<\/div>\n<\/div>\n<\/div>\n<div class=\"brz-posts__pagination\"><\/div>\n<\/div>\n<\/div>\n<div id=\"\" class=\"brz-css-d-wrapper brz-css-r-wrapper brz-css-1kbqfu4 brz-wrapper\">\n<div class=\"brz-spacer brz-css-d-spacer brz-css-1ddlp0d\"><\/div>\n<\/div>\n<\/div>\n<\/div>\n<\/section><\/div>\n<p><!-- version:1772319991 --><\/p>","protected":false},"excerpt":{"rendered":"<p>Novosti i a\u017euriranja Budite u toku sa svim novostima, promocijama i doga\u0111anjima iz Crne Gore. Ovdje \u0107ete prona\u0107i najnovije informacije&hellip; <a class=\"more-link\" href=\"https:\/\/youandguide.me\/en\/blog\/\">Continue reading <span class=\"screen-reader-text\">Blog<\/span><\/a><\/p>","protected":false},"author":1,"featured_media":0,"parent":0,"menu_order":0,"comment_status":"closed","ping_status":"closed","template":"brizy-blank-template.php","meta":{"_acf_changed":false,"footnotes":""},"class_list":["post-32","page","type-page","status-publish","hentry","entry"],"acf":[],"yoast_head":"<!-- This site is optimized with the Yoast SEO plugin v27.4 - https:\/\/yoast.com\/product\/yoast-seo-wordpress\/ -->\n<title>Blog - You and Guide<\/title>\n<meta name=\"robots\" content=\"index, follow, max-snippet:-1, max-image-preview:large, max-video-preview:-1\" \/>\n<link rel=\"canonical\" href=\"https:\/\/youandguide.me\/en\/blog\/\" \/>\n<meta property=\"og:locale\" content=\"en_GB\" \/>\n<meta property=\"og:type\" content=\"article\" \/>\n<meta property=\"og:title\" content=\"Blog - You and Guide\" \/>\n<meta property=\"og:description\" content=\"Novosti i a\u017euriranja Budite u toku sa svim novostima, promocijama i doga\u0111anjima iz Crne Gore. Ovdje \u0107ete prona\u0107i najnovije informacije&hellip; Continue reading Blog\" \/>\n<meta property=\"og:url\" content=\"https:\/\/youandguide.me\/en\/blog\/\" \/>\n<meta property=\"og:site_name\" content=\"You and Guide\" \/>\n<meta property=\"article:modified_time\" content=\"2026-04-07T12:32:21+00:00\" \/>\n<meta property=\"og:image\" content=\"https:\/\/youandguide.me\/wp-content\/uploads\/2026\/02\/ChatGPT_Image_Feb_27__2026__11_12_18_PM-removebg-preview.png\" \/>\n<meta name=\"twitter:card\" content=\"summary_large_image\" \/>\n<meta name=\"twitter:label1\" content=\"Estimated reading time\" \/>\n\t<meta name=\"twitter:data1\" content=\"2 minutes\" \/>\n<script type=\"application\/ld+json\" class=\"yoast-schema-graph\">{\"@context\":\"https:\\\/\\\/schema.org\",\"@graph\":[{\"@type\":\"WebPage\",\"@id\":\"https:\\\/\\\/youandguide.me\\\/blog\\\/\",\"url\":\"https:\\\/\\\/youandguide.me\\\/blog\\\/\",\"name\":\"Blog - You and Guide\",\"isPartOf\":{\"@id\":\"https:\\\/\\\/youandguide.me\\\/#website\"},\"primaryImageOfPage\":{\"@id\":\"https:\\\/\\\/youandguide.me\\\/blog\\\/#primaryimage\"},\"image\":{\"@id\":\"https:\\\/\\\/youandguide.me\\\/blog\\\/#primaryimage\"},\"thumbnailUrl\":\"https:\\\/\\\/youandguide.me\\\/wp-content\\\/uploads\\\/2026\\\/02\\\/ChatGPT_Image_Feb_27__2026__11_12_18_PM-removebg-preview.png\",\"datePublished\":\"2026-02-25T22:37:57+00:00\",\"dateModified\":\"2026-04-07T12:32:21+00:00\",\"breadcrumb\":{\"@id\":\"https:\\\/\\\/youandguide.me\\\/blog\\\/#breadcrumb\"},\"inLanguage\":\"en-GB\",\"potentialAction\":[{\"@type\":\"ReadAction\",\"target\":[\"https:\\\/\\\/youandguide.me\\\/blog\\\/\"]}]},{\"@type\":\"ImageObject\",\"inLanguage\":\"en-GB\",\"@id\":\"https:\\\/\\\/youandguide.me\\\/blog\\\/#primaryimage\",\"url\":\"https:\\\/\\\/youandguide.me\\\/wp-content\\\/uploads\\\/2026\\\/02\\\/ChatGPT_Image_Feb_27__2026__11_12_18_PM-removebg-preview.png\",\"contentUrl\":\"https:\\\/\\\/youandguide.me\\\/wp-content\\\/uploads\\\/2026\\\/02\\\/ChatGPT_Image_Feb_27__2026__11_12_18_PM-removebg-preview.png\"},{\"@type\":\"BreadcrumbList\",\"@id\":\"https:\\\/\\\/youandguide.me\\\/blog\\\/#breadcrumb\",\"itemListElement\":[{\"@type\":\"ListItem\",\"position\":1,\"name\":\"Home\",\"item\":\"https:\\\/\\\/youandguide.me\\\/\"},{\"@type\":\"ListItem\",\"position\":2,\"name\":\"Blog\"}]},{\"@type\":\"WebSite\",\"@id\":\"https:\\\/\\\/youandguide.me\\\/#website\",\"url\":\"https:\\\/\\\/youandguide.me\\\/\",\"name\":\"You and Guide\",\"description\":\"Informacioni centar Cetinje\",\"publisher\":{\"@id\":\"https:\\\/\\\/youandguide.me\\\/#organization\"},\"potentialAction\":[{\"@type\":\"SearchAction\",\"target\":{\"@type\":\"EntryPoint\",\"urlTemplate\":\"https:\\\/\\\/youandguide.me\\\/?s={search_term_string}\"},\"query-input\":{\"@type\":\"PropertyValueSpecification\",\"valueRequired\":true,\"valueName\":\"search_term_string\"}}],\"inLanguage\":\"en-GB\"},{\"@type\":\"Organization\",\"@id\":\"https:\\\/\\\/youandguide.me\\\/#organization\",\"name\":\"You and Guide\",\"url\":\"https:\\\/\\\/youandguide.me\\\/\",\"logo\":{\"@type\":\"ImageObject\",\"inLanguage\":\"en-GB\",\"@id\":\"https:\\\/\\\/youandguide.me\\\/#\\\/schema\\\/logo\\\/image\\\/\",\"url\":\"https:\\\/\\\/youandguide.me\\\/wp-content\\\/uploads\\\/2026\\\/02\\\/ChatGPT_Image_Feb_27__2026__12_35_01_AM-removebg-preview.png\",\"contentUrl\":\"https:\\\/\\\/youandguide.me\\\/wp-content\\\/uploads\\\/2026\\\/02\\\/ChatGPT_Image_Feb_27__2026__12_35_01_AM-removebg-preview.png\",\"width\":1284,\"height\":194,\"caption\":\"You and Guide\"},\"image\":{\"@id\":\"https:\\\/\\\/youandguide.me\\\/#\\\/schema\\\/logo\\\/image\\\/\"}}]}<\/script>\n<!-- \/ Yoast SEO plugin. -->","yoast_head_json":{"title":"Blog - You and Guide","robots":{"index":"index","follow":"follow","max-snippet":"max-snippet:-1","max-image-preview":"max-image-preview:large","max-video-preview":"max-video-preview:-1"},"canonical":"https:\/\/youandguide.me\/en\/blog\/","og_locale":"en_GB","og_type":"article","og_title":"Blog - You and Guide","og_description":"Novosti i a\u017euriranja Budite u toku sa svim novostima, promocijama i doga\u0111anjima iz Crne Gore. Ovdje \u0107ete prona\u0107i najnovije informacije&hellip; Continue reading Blog","og_url":"https:\/\/youandguide.me\/en\/blog\/","og_site_name":"You and Guide","article_modified_time":"2026-04-07T12:32:21+00:00","og_image":[{"url":"https:\/\/youandguide.me\/wp-content\/uploads\/2026\/02\/ChatGPT_Image_Feb_27__2026__11_12_18_PM-removebg-preview.png","type":"","width":"","height":""}],"twitter_card":"summary_large_image","twitter_misc":{"Estimated reading time":"2 minutes"},"schema":{"@context":"https:\/\/schema.org","@graph":[{"@type":"WebPage","@id":"https:\/\/youandguide.me\/blog\/","url":"https:\/\/youandguide.me\/blog\/","name":"Blog - You and Guide","isPartOf":{"@id":"https:\/\/youandguide.me\/#website"},"primaryImageOfPage":{"@id":"https:\/\/youandguide.me\/blog\/#primaryimage"},"image":{"@id":"https:\/\/youandguide.me\/blog\/#primaryimage"},"thumbnailUrl":"https:\/\/youandguide.me\/wp-content\/uploads\/2026\/02\/ChatGPT_Image_Feb_27__2026__11_12_18_PM-removebg-preview.png","datePublished":"2026-02-25T22:37:57+00:00","dateModified":"2026-04-07T12:32:21+00:00","breadcrumb":{"@id":"https:\/\/youandguide.me\/blog\/#breadcrumb"},"inLanguage":"en-GB","potentialAction":[{"@type":"ReadAction","target":["https:\/\/youandguide.me\/blog\/"]}]},{"@type":"ImageObject","inLanguage":"en-GB","@id":"https:\/\/youandguide.me\/blog\/#primaryimage","url":"https:\/\/youandguide.me\/wp-content\/uploads\/2026\/02\/ChatGPT_Image_Feb_27__2026__11_12_18_PM-removebg-preview.png","contentUrl":"https:\/\/youandguide.me\/wp-content\/uploads\/2026\/02\/ChatGPT_Image_Feb_27__2026__11_12_18_PM-removebg-preview.png"},{"@type":"BreadcrumbList","@id":"https:\/\/youandguide.me\/blog\/#breadcrumb","itemListElement":[{"@type":"ListItem","position":1,"name":"Home","item":"https:\/\/youandguide.me\/"},{"@type":"ListItem","position":2,"name":"Blog"}]},{"@type":"WebSite","@id":"https:\/\/youandguide.me\/#website","url":"https:\/\/youandguide.me\/","name":"You and Guide","description":"Informacioni centar Cetinje","publisher":{"@id":"https:\/\/youandguide.me\/#organization"},"potentialAction":[{"@type":"SearchAction","target":{"@type":"EntryPoint","urlTemplate":"https:\/\/youandguide.me\/?s={search_term_string}"},"query-input":{"@type":"PropertyValueSpecification","valueRequired":true,"valueName":"search_term_string"}}],"inLanguage":"en-GB"},{"@type":"Organization","@id":"https:\/\/youandguide.me\/#organization","name":"You and Guide","url":"https:\/\/youandguide.me\/","logo":{"@type":"ImageObject","inLanguage":"en-GB","@id":"https:\/\/youandguide.me\/#\/schema\/logo\/image\/","url":"https:\/\/youandguide.me\/wp-content\/uploads\/2026\/02\/ChatGPT_Image_Feb_27__2026__12_35_01_AM-removebg-preview.png","contentUrl":"https:\/\/youandguide.me\/wp-content\/uploads\/2026\/02\/ChatGPT_Image_Feb_27__2026__12_35_01_AM-removebg-preview.png","width":1284,"height":194,"caption":"You and Guide"},"image":{"@id":"https:\/\/youandguide.me\/#\/schema\/logo\/image\/"}}]}},"brizy_media":[],"_links":{"self":[{"href":"https:\/\/youandguide.me\/en\/wp-json\/wp\/v2\/pages\/32","targetHints":{"allow":["GET"]}}],"collection":[{"href":"https:\/\/youandguide.me\/en\/wp-json\/wp\/v2\/pages"}],"about":[{"href":"https:\/\/youandguide.me\/en\/wp-json\/wp\/v2\/types\/page"}],"author":[{"embeddable":true,"href":"https:\/\/youandguide.me\/en\/wp-json\/wp\/v2\/users\/1"}],"replies":[{"embeddable":true,"href":"https:\/\/youandguide.me\/en\/wp-json\/wp\/v2\/comments?post=32"}],"version-history":[{"count":10,"href":"https:\/\/youandguide.me\/en\/wp-json\/wp\/v2\/pages\/32\/revisions"}],"predecessor-version":[{"id":567,"href":"https:\/\/youandguide.me\/en\/wp-json\/wp\/v2\/pages\/32\/revisions\/567"}],"wp:attachment":[{"href":"https:\/\/youandguide.me\/en\/wp-json\/wp\/v2\/media?parent=32"}],"curies":[{"name":"wp","href":"https:\/\/api.w.org\/{rel}","templated":true}]}}