{"id":28,"date":"2026-02-25T22:37:47","date_gmt":"2026-02-25T22:37:47","guid":{"rendered":"https:\/\/youandguide.me\/?page_id=28"},"modified":"2026-04-07T13:20:18","modified_gmt":"2026-04-07T12:20:18","slug":"ponuda","status":"publish","type":"page","link":"https:\/\/youandguide.me\/en\/ponuda\/","title":{"rendered":"Excursions"},"content":{"rendered":"<div class=\"brz brz-root__container brz-reset-all brz-root__container-page\">\n<section id=\"z6pIhpqkvvie_z6pIhpqkvvie\" class=\"brz-section brz-css-d-section brz-css-v2zy1z\">\n<div class=\"brz-section__content brz-section--fullWidth brz-css-d-sectionitem-bg brz-css-ietw50\" data-brz-custom-id=\"h3H2oDaFUXyt\">\n<div class=\"brz-container brz-css-d-sectionitem-container brz-css-pzbl93\">\n<div id=\"\" class=\"brz-css-d-wrapper brz-css-1i16txi brz-wrapper\">\n<div class=\"brz-rich-text brz-rich-text__custom brz-css-d-richtext brz-css-7ldec3\" data-brz-custom-id=\"ngRwUr8ctGPI\">\n<div data-brz-translate-text=\"1\">\n<h2 class=\"brz-tp-lg-heading2 brz-text-lg-center brz-tp-xs-heading3 brz-css-izHPb\" data-uniq-id=\"s9Sut\" data-generated-css=\"brz-css-pVYF7\"><span class=\"brz-cp-color1\">Discover the most beautiful tours of Montenegro<\/span><\/h2>\n<\/div>\n<\/div>\n<\/div>\n<div id=\"\" class=\"brz-css-d-wrapper brz-css-1nnwmyn brz-wrapper\">\n<div class=\"brz-line brz-line-default brz-css-d-line brz-css-1pqrl4x\" data-brz-custom-id=\"zh6IQvDFMfVW\">\n<hr class=\"brz-hr\"><\/div>\n<\/div>\n<div id=\"\" class=\"brz-css-d-wrapper brz-css-1it552o brz-wrapper\">\n<div class=\"brz-rich-text brz-rich-text__custom brz-css-d-richtext brz-css-sbotzz\" data-brz-custom-id=\"nxK8c53zWPf3\">\n<div data-brz-translate-text=\"1\">\n<p class=\"brz-fsft-lg-0 brz-fwdth-lg-100 brz-vfw-lg-400 brz-lh-lg-1_2 brz-ls-lg-0 brz-fw-lg-100 brz-fss-lg-px brz-fs-lg-18 brz-ft-google brz-ff-roboto brz-text-lg-center brz-tp-lg-paragraph brz-css-o5TZt\" data-uniq-id=\"jPRyh\" data-generated-css=\"brz-css-n5o5x\"><span class=\"brz-cp-color1\">Explore historic sites, natural beauty and cultural gems <\/span><\/p>\n<p class=\"brz-text-lg-center brz-fss-lg-px brz-fw-lg-400 brz-ls-lg-0 brz-lh-lg-1_2 brz-vfw-lg-400 brz-fwdth-lg-100 brz-fsft-lg-0 brz-ff-cormorant_garamond brz-ft-google brz-fs-lg-30 brz-tp-lg-paragraph brz-css-eafJd\" data-uniq-id=\"qMOq7\" data-generated-css=\"brz-css-a3UPW\"><span class=\"brz-cp-color1\">through unforgettable journeys that will connect you with the soul of Montenegro.<\/span><\/p>\n<\/div>\n<\/div>\n<\/div>\n<div id=\"\" class=\"brz-css-d-wrapper brz-css-2o3kfs brz-wrapper\">\n<div class=\"brz-image brz-css-d-image-gtla6uwi6yzj-parent brz-css-1wx0zd\" data-brz-custom-id=\"gTlA6uWi6YzJ\"><img decoding=\"async\" class=\"brz-img\" src=\"https:\/\/youandguide.me\/wp-content\/uploads\/2026\/02\/ChatGPT_Image_Feb_27__2026__11_12_18_PM-removebg-preview.png\" loading=\"lazy\" alt=\"\" title=\"ChatGPT_Image_Feb_27__2026__11_12_18_PM-removebg-preview\"><\/div>\n<\/div>\n<div id=\"\" class=\"brz-css-d-wrapper brz-css-r-wrapper brz-css-1pymnnn brz-wrapper\">\n<div class=\"brz-spacer brz-css-d-spacer brz-css-pjjrjc\"><\/div>\n<\/div>\n<div id=\"\" class=\"brz-css-d-wrapper brz-css-r-wrapper brz-css-1tg0byv brz-wrapper\">\n<div class=\"brz-posts brz-css-d-posts brz-css-1luz5gd\" data-brz-custom-id=\"i9MmnDZwPt0X\">\n<div class=\"brz-posts__wrapper\">\n<div class=\"brz-posts__item\">\n<div class=\"brz-columns brz-css-d-column-column brz-css-r-column-column brz-css-fitzyb\" data-brz-custom-id=\"gtt6824OCZMB\">\n<div class=\"brz-hover-animation__container\" data-brz-hover-animationid=\"gtt6824OCZMB\" data-brz-hover-options=\"%7B%22fill%22:%22forwards%22,%22easing%22:%22ease%22,%22duration%22:600,%22iterations%22:1%7D\" data-brz-hover-reversible=\"true\" data-brz-hover-target=\"%22parent%22\" data-brz-hover-animation=\"%5B%7B%22WebkitTransform%22:%22translateY(-0px)%22,%22transform%22:%22translateY(-0px)%22,%22offset%22:0%7D,%7B%22WebkitTransform%22:%22translateY(-8px)%22,%22transform%22:%22translateY(-8px)%22,%22offset%22:1%7D%5D\">\n<div class=\"brz-bg\"><\/div>\n<div class=\"brz-column__items brz-css-d-column-bg brz-css-1rzeohr\">\n<div id=\"\" class=\"brz-css-d-wrapper brz-css-jafwcn brz-wrapper\">\n<div class=\"brz-image brz-css-d-image-urqhb0i9csck-parent brz-css-14po9p3\" data-brz-custom-id=\"uRQhb0I9CsCk\"><a class=\"brz-a\" target=\"_self\" rel=\"noopener\" href=\"https:\/\/youandguide.me\/en\/ture\/ponuda-za-turu-cetinje-grad-istorije-i-kulture\/\" data-brz-link-type=\"external\"><img decoding=\"async\" class=\"brz-img\" src=\"https:\/\/youandguide.me\/wp-content\/uploads\/brizy\/imgs\/1848-578x770x0x168x578x434x1773262343.jpg\" loading=\"lazy\" alt=\"\" title=\"1848\"><\/a><\/div>\n<\/div>\n<div id=\"\" class=\"brz-css-d-wrapper brz-css-aujpqm brz-wrapper\">\n<div class=\"brz-wp-title brz-css-d-wppoststitle brz-css-r-wppoststitle brz-css-19hg30r\" data-brz-custom-id=\"hNBg3_OmxSkS\"><a class=\"brz-a\" target=\"_self\" rel=\"noopener\" href=\"https:\/\/youandguide.me\/en\/ture\/ponuda-za-turu-cetinje-grad-istorije-i-kulture\/\" data-brz-link-type=\"external\"><\/p>\n<h3 class=\"brz-wp-title-content\" style=\"min-height:20px\">Tour offer: Cetinje \u2013 City of history and culture<\/h3>\n<p><\/a><\/div>\n<\/div>\n<div id=\"\" class=\"brz-css-d-wrapper brz-css-521ous brz-wrapper\">\n<div class=\"brz-wp-post-excerpt brz-css-d-wppostexcerpt brz-css-r-wppostexcerpt brz-css-1mjvddl\" data-brz-custom-id=\"aHBtRtOSJOjk\">\n<p class=\"brz-wp-post-excerpt-content\" style=\"min-height:20px\">Cetinje, prijestonica Crne Gore, mjesto je bogate istorije i tradicije i nudi jedinstveno iskustvo upoznavanja sa kulturnim naslije\u0111em zemlje. Ova vo\u0111ena tura vodi vas kroz grad koji je nekada bio centar crnogorske kulture, religije i politike, a danas predstavlja \u017eivi spomenik nacionalnog identiteta. Tura je idealna za ljubitelje istorije, umjetnosti i kulture, kao i za porodice, parove i grupe, dostupna je tokom cijele godine i mo\u017ee se prilagoditi va\u0161im interesovanjima. U cijenu ture uklju\u010deni su profesionalni vodi\u010d, ulaznice za muzeje i kraljevsku palatu, kao i panoramska vo\u017enja ka Lov\u0107enu, uz mogu\u0107nost organizovanja privatnih i prilago\u0111enih tura sa dodatnim aktivnostima na&hellip;<\/p>\n<\/div>\n<\/div>\n<div class=\"brz-wrapper-clone brz-flex-xs-wrap brz-css-d-cloneable brz-css-60wwxt\" data-brz-custom-id=\"snPKFKqI9FkK\"><a class=\"brz-a brz-btn brz-css-d-button brz-css-chglv brz-css-d-button-bg brz-css-r-button-bg brz-css-5xy1ca\" target=\"_self\" rel=\"noopener\" href=\"https:\/\/youandguide.me\/en\/ture\/ponuda-za-turu-cetinje-grad-istorije-i-kulture\/\" data-brz-link-type=\"external\" data-brz-custom-id=\"sjRDWG9GRz_V\"><span data-brz-translate-text=\"1\" class=\"brz-span brz-text__editor\">More<\/span><\/a><\/div>\n<\/div>\n<\/div>\n<\/div>\n<\/div>\n<div class=\"brz-posts__item\">\n<div class=\"brz-columns brz-css-d-column-column brz-css-r-column-column brz-css-fitzyb\" data-brz-custom-id=\"gtt6824OCZMB\">\n<div class=\"brz-hover-animation__container\" data-brz-hover-animationid=\"gtt6824OCZMB\" data-brz-hover-options=\"%7B%22fill%22:%22forwards%22,%22easing%22:%22ease%22,%22duration%22:600,%22iterations%22:1%7D\" data-brz-hover-reversible=\"true\" data-brz-hover-target=\"%22parent%22\" data-brz-hover-animation=\"%5B%7B%22WebkitTransform%22:%22translateY(-0px)%22,%22transform%22:%22translateY(-0px)%22,%22offset%22:0%7D,%7B%22WebkitTransform%22:%22translateY(-8px)%22,%22transform%22:%22translateY(-8px)%22,%22offset%22:1%7D%5D\">\n<div class=\"brz-bg\"><\/div>\n<div class=\"brz-column__items brz-css-d-column-bg brz-css-1rzeohr\">\n<div id=\"\" class=\"brz-css-d-wrapper brz-css-jafwcn brz-wrapper\">\n<div class=\"brz-image brz-css-d-image-urqhb0i9csck-parent brz-css-14po9p3\" data-brz-custom-id=\"uRQhb0I9CsCk\"><a class=\"brz-a\" target=\"_self\" rel=\"noopener\" href=\"https:\/\/youandguide.me\/en\/ture\/njegosev-mauzolej-zicara-lovcen-i-kotor\/\" data-brz-link-type=\"external\"><img decoding=\"async\" class=\"brz-img\" src=\"https:\/\/youandguide.me\/wp-content\/uploads\/brizy\/imgs\/pride1979-architecture-3263329_1920-1-578x770x0x168x578x434x1772066272.jpg\" loading=\"lazy\" alt=\"\" title=\"pride1979-architecture-3263329_1920 (1)\"><\/a><\/div>\n<\/div>\n<div id=\"\" class=\"brz-css-d-wrapper brz-css-aujpqm brz-wrapper\">\n<div class=\"brz-wp-title brz-css-d-wppoststitle brz-css-r-wppoststitle brz-css-19hg30r\" data-brz-custom-id=\"hNBg3_OmxSkS\"><a class=\"brz-a\" target=\"_self\" rel=\"noopener\" href=\"https:\/\/youandguide.me\/en\/ture\/njegosev-mauzolej-zicara-lovcen-i-kotor\/\" data-brz-link-type=\"external\"><\/p>\n<h3 class=\"brz-wp-title-content\" style=\"min-height:20px\">Njego\u0161 Mausoleum, Lov\u0107en Cable Car and Kotor<\/h3>\n<p><\/a><\/div>\n<\/div>\n<div id=\"\" class=\"brz-css-d-wrapper brz-css-521ous brz-wrapper\">\n<div class=\"brz-wp-post-excerpt brz-css-d-wppostexcerpt brz-css-r-wppostexcerpt brz-css-1mjvddl\" data-brz-custom-id=\"aHBtRtOSJOjk\">\n<p class=\"brz-wp-post-excerpt-content\" style=\"min-height:20px\">Postoji magi\u010dan momenat na planini\u00a0Lov\u0107en,kada hrapavi sivi kamen iznenada ovlada &#8220;plavim ponorom&#8221; Boke Kotorske. To nije samo pejza\u017e,to je emotivan \u0161ok.To je susret sna\u017ene planine koja \u010duva slobodu i nje\u017enog zaliva koja grli svijet. Lov\u0107en\u00a0je veli\u010danstveni&#8221;kameni prijesto&#8221;a Boka kao&#8221; najljep\u0161a suza&#8221; koja se prosula u njegovo podno\u017eje. Sa vrha Njego\u0161evog mauzoleja,Boka ne izgleda kao more,ve\u0107 kao &#8220;razbijeno ogledalo neba&#8221; ugnije\u017edeno medju liticama. Vidikovac je mjesto dje se spajaju dva ekstrema: miris pelina sa planine i miris soli iz zaliva,stvaraju\u0107i osje\u0107aj da stojite na samom krovu svijeta&#8230; &nbsp;<\/p>\n<\/div>\n<\/div>\n<div class=\"brz-wrapper-clone brz-flex-xs-wrap brz-css-d-cloneable brz-css-60wwxt\" data-brz-custom-id=\"snPKFKqI9FkK\"><a class=\"brz-a brz-btn brz-css-d-button brz-css-chglv brz-css-d-button-bg brz-css-r-button-bg brz-css-5xy1ca\" target=\"_self\" rel=\"noopener\" href=\"https:\/\/youandguide.me\/en\/ture\/njegosev-mauzolej-zicara-lovcen-i-kotor\/\" data-brz-link-type=\"external\" data-brz-custom-id=\"sjRDWG9GRz_V\"><span data-brz-translate-text=\"1\" class=\"brz-span brz-text__editor\">More<\/span><\/a><\/div>\n<\/div>\n<\/div>\n<\/div>\n<\/div>\n<div class=\"brz-posts__item\">\n<div class=\"brz-columns brz-css-d-column-column brz-css-r-column-column brz-css-fitzyb\" data-brz-custom-id=\"gtt6824OCZMB\">\n<div class=\"brz-hover-animation__container\" data-brz-hover-animationid=\"gtt6824OCZMB\" data-brz-hover-options=\"%7B%22fill%22:%22forwards%22,%22easing%22:%22ease%22,%22duration%22:600,%22iterations%22:1%7D\" data-brz-hover-reversible=\"true\" data-brz-hover-target=\"%22parent%22\" data-brz-hover-animation=\"%5B%7B%22WebkitTransform%22:%22translateY(-0px)%22,%22transform%22:%22translateY(-0px)%22,%22offset%22:0%7D,%7B%22WebkitTransform%22:%22translateY(-8px)%22,%22transform%22:%22translateY(-8px)%22,%22offset%22:1%7D%5D\">\n<div class=\"brz-bg\"><\/div>\n<div class=\"brz-column__items brz-css-d-column-bg brz-css-1rzeohr\">\n<div id=\"\" class=\"brz-css-d-wrapper brz-css-jafwcn brz-wrapper\">\n<div class=\"brz-image brz-css-d-image-urqhb0i9csck-parent brz-css-14po9p3\" data-brz-custom-id=\"uRQhb0I9CsCk\"><a class=\"brz-a\" target=\"_self\" rel=\"noopener\" href=\"https:\/\/youandguide.me\/en\/ture\/tura-po-nacionalnom-parku-skadarsko-jezero\/\" data-brz-link-type=\"external\"><img decoding=\"async\" class=\"brz-img\" src=\"https:\/\/youandguide.me\/wp-content\/uploads\/brizy\/imgs\/fabricedg-otherwise-8198416_1920-651x434x36x0x578x434x1772066850.jpg\" loading=\"lazy\" alt=\"\" title=\"fabricedg-otherwise-8198416_1920\"><\/a><\/div>\n<\/div>\n<div id=\"\" class=\"brz-css-d-wrapper brz-css-aujpqm brz-wrapper\">\n<div class=\"brz-wp-title brz-css-d-wppoststitle brz-css-r-wppoststitle brz-css-19hg30r\" data-brz-custom-id=\"hNBg3_OmxSkS\"><a class=\"brz-a\" target=\"_self\" rel=\"noopener\" href=\"https:\/\/youandguide.me\/en\/ture\/tura-po-nacionalnom-parku-skadarsko-jezero\/\" data-brz-link-type=\"external\"><\/p>\n<h3 class=\"brz-wp-title-content\" style=\"min-height:20px\">Skadar Lake National Park Tour \u2013 Private Tour<\/h3>\n<p><\/a><\/div>\n<\/div>\n<div id=\"\" class=\"brz-css-d-wrapper brz-css-521ous brz-wrapper\">\n<div class=\"brz-wp-post-excerpt brz-css-d-wppostexcerpt brz-css-r-wppostexcerpt brz-css-1mjvddl\" data-brz-custom-id=\"aHBtRtOSJOjk\">\n<p class=\"brz-wp-post-excerpt-content\" style=\"min-height:20px\">Zamislite da stojite na povr\u0161ini jezera koje se nalazi svega nekoliko metara iznad nivoa mora, dok se ispod va\u0161eg \u010damca krije vi\u0161e od 30 tajnih izvora poznatih kao \u201eoka\u201c. Neki od njih, poput Radu\u0161a, imaju dno ispod nivoa mora, \u0161to Skadarsko jezero \u010dini jedinstvenim prirodnim fenomenom \u2013 planinskim ponorom ispunjenim slatkom vodom koja \u201edi\u0161e\u201c zajedno sa Jadranom. Skadarsko jezero nije samo vodena povr\u0161ina, ve\u0107 \u017eiv i promjenljiv ekosistem koji se tokom godine neprestano mijenja: ljeti se pretvara u cvjetnu livadu prekrivenu lokvanjima, dok zimi poprima oblik unutra\u0161njeg mora koje plavi okolna sela, stvaraju\u0107i prizore nalik crnogorskoj Veneciji. Ovo jezero je&hellip;<\/p>\n<\/div>\n<\/div>\n<div class=\"brz-wrapper-clone brz-flex-xs-wrap brz-css-d-cloneable brz-css-60wwxt\" data-brz-custom-id=\"snPKFKqI9FkK\"><a class=\"brz-a brz-btn brz-css-d-button brz-css-chglv brz-css-d-button-bg brz-css-r-button-bg brz-css-5xy1ca\" target=\"_self\" rel=\"noopener\" href=\"https:\/\/youandguide.me\/en\/ture\/tura-po-nacionalnom-parku-skadarsko-jezero\/\" data-brz-link-type=\"external\" data-brz-custom-id=\"sjRDWG9GRz_V\"><span data-brz-translate-text=\"1\" class=\"brz-span brz-text__editor\">More<\/span><\/a><\/div>\n<\/div>\n<\/div>\n<\/div>\n<\/div>\n<\/div>\n<div class=\"brz-posts__pagination\"><\/div>\n<\/div>\n<\/div>\n<\/div>\n<\/div>\n<\/section><\/div>\n<p><!-- version:1773262905 --><\/p>","protected":false},"excerpt":{"rendered":"<p>Otkrijte najljep\u0161e ture Crne Gore Istra\u017eite istorijske lokalitete, prirodne ljepote i kulturne dragulje kroz nezaboravna putovanja koja \u0107e vas povezati&hellip; <a class=\"more-link\" href=\"https:\/\/youandguide.me\/en\/ponuda\/\">Continue reading <span class=\"screen-reader-text\">Excursions<\/span><\/a><\/p>","protected":false},"author":1,"featured_media":0,"parent":0,"menu_order":0,"comment_status":"closed","ping_status":"closed","template":"brizy-blank-template.php","meta":{"_acf_changed":false,"footnotes":""},"class_list":["post-28","page","type-page","status-publish","hentry","entry"],"acf":[],"yoast_head":"<!-- This site is optimized with the Yoast SEO plugin v27.4 - https:\/\/yoast.com\/product\/yoast-seo-wordpress\/ -->\n<title>Ponuda - You and Guide<\/title>\n<meta name=\"robots\" content=\"index, follow, max-snippet:-1, max-image-preview:large, max-video-preview:-1\" \/>\n<link rel=\"canonical\" href=\"https:\/\/youandguide.me\/en\/ponuda\/\" \/>\n<meta property=\"og:locale\" content=\"en_GB\" \/>\n<meta property=\"og:type\" content=\"article\" \/>\n<meta property=\"og:title\" content=\"Ponuda - You and Guide\" \/>\n<meta property=\"og:description\" content=\"Otkrijte najljep\u0161e ture Crne Gore Istra\u017eite istorijske lokalitete, prirodne ljepote i kulturne dragulje kroz nezaboravna putovanja koja \u0107e vas povezati&hellip; Continue reading Ponuda\" \/>\n<meta property=\"og:url\" content=\"https:\/\/youandguide.me\/en\/ponuda\/\" \/>\n<meta property=\"og:site_name\" content=\"You and Guide\" \/>\n<meta property=\"article:modified_time\" content=\"2026-04-07T12:20:18+00:00\" \/>\n<meta property=\"og:image\" content=\"https:\/\/youandguide.me\/wp-content\/uploads\/2026\/02\/ChatGPT_Image_Feb_27__2026__11_12_18_PM-removebg-preview.png\" \/>\n<meta name=\"twitter:card\" content=\"summary_large_image\" \/>\n<meta name=\"twitter:label1\" content=\"Estimated reading time\" \/>\n\t<meta name=\"twitter:data1\" content=\"2 minutes\" \/>\n<script type=\"application\/ld+json\" class=\"yoast-schema-graph\">{\"@context\":\"https:\\\/\\\/schema.org\",\"@graph\":[{\"@type\":\"WebPage\",\"@id\":\"https:\\\/\\\/youandguide.me\\\/en\\\/ponuda\\\/\",\"url\":\"https:\\\/\\\/youandguide.me\\\/en\\\/ponuda\\\/\",\"name\":\"Ponuda - You and Guide\",\"isPartOf\":{\"@id\":\"https:\\\/\\\/youandguide.me\\\/#website\"},\"primaryImageOfPage\":{\"@id\":\"https:\\\/\\\/youandguide.me\\\/en\\\/ponuda\\\/#primaryimage\"},\"image\":{\"@id\":\"https:\\\/\\\/youandguide.me\\\/en\\\/ponuda\\\/#primaryimage\"},\"thumbnailUrl\":\"https:\\\/\\\/youandguide.me\\\/wp-content\\\/uploads\\\/2026\\\/02\\\/ChatGPT_Image_Feb_27__2026__11_12_18_PM-removebg-preview.png\",\"datePublished\":\"2026-02-25T22:37:47+00:00\",\"dateModified\":\"2026-04-07T12:20:18+00:00\",\"breadcrumb\":{\"@id\":\"https:\\\/\\\/youandguide.me\\\/en\\\/ponuda\\\/#breadcrumb\"},\"inLanguage\":\"en-GB\",\"potentialAction\":[{\"@type\":\"ReadAction\",\"target\":[\"https:\\\/\\\/youandguide.me\\\/en\\\/ponuda\\\/\"]}]},{\"@type\":\"ImageObject\",\"inLanguage\":\"en-GB\",\"@id\":\"https:\\\/\\\/youandguide.me\\\/en\\\/ponuda\\\/#primaryimage\",\"url\":\"https:\\\/\\\/youandguide.me\\\/wp-content\\\/uploads\\\/2026\\\/02\\\/ChatGPT_Image_Feb_27__2026__11_12_18_PM-removebg-preview.png\",\"contentUrl\":\"https:\\\/\\\/youandguide.me\\\/wp-content\\\/uploads\\\/2026\\\/02\\\/ChatGPT_Image_Feb_27__2026__11_12_18_PM-removebg-preview.png\"},{\"@type\":\"BreadcrumbList\",\"@id\":\"https:\\\/\\\/youandguide.me\\\/en\\\/ponuda\\\/#breadcrumb\",\"itemListElement\":[{\"@type\":\"ListItem\",\"position\":1,\"name\":\"Home\",\"item\":\"https:\\\/\\\/youandguide.me\\\/\"},{\"@type\":\"ListItem\",\"position\":2,\"name\":\"Ponuda\"}]},{\"@type\":\"WebSite\",\"@id\":\"https:\\\/\\\/youandguide.me\\\/#website\",\"url\":\"https:\\\/\\\/youandguide.me\\\/\",\"name\":\"You and Guide\",\"description\":\"Informacioni centar Cetinje\",\"publisher\":{\"@id\":\"https:\\\/\\\/youandguide.me\\\/#organization\"},\"potentialAction\":[{\"@type\":\"SearchAction\",\"target\":{\"@type\":\"EntryPoint\",\"urlTemplate\":\"https:\\\/\\\/youandguide.me\\\/?s={search_term_string}\"},\"query-input\":{\"@type\":\"PropertyValueSpecification\",\"valueRequired\":true,\"valueName\":\"search_term_string\"}}],\"inLanguage\":\"en-GB\"},{\"@type\":\"Organization\",\"@id\":\"https:\\\/\\\/youandguide.me\\\/#organization\",\"name\":\"You and Guide\",\"url\":\"https:\\\/\\\/youandguide.me\\\/\",\"logo\":{\"@type\":\"ImageObject\",\"inLanguage\":\"en-GB\",\"@id\":\"https:\\\/\\\/youandguide.me\\\/#\\\/schema\\\/logo\\\/image\\\/\",\"url\":\"https:\\\/\\\/youandguide.me\\\/wp-content\\\/uploads\\\/2026\\\/02\\\/ChatGPT_Image_Feb_27__2026__12_35_01_AM-removebg-preview.png\",\"contentUrl\":\"https:\\\/\\\/youandguide.me\\\/wp-content\\\/uploads\\\/2026\\\/02\\\/ChatGPT_Image_Feb_27__2026__12_35_01_AM-removebg-preview.png\",\"width\":1284,\"height\":194,\"caption\":\"You and Guide\"},\"image\":{\"@id\":\"https:\\\/\\\/youandguide.me\\\/#\\\/schema\\\/logo\\\/image\\\/\"}}]}<\/script>\n<!-- \/ Yoast SEO plugin. -->","yoast_head_json":{"title":"Ponuda - You and Guide","robots":{"index":"index","follow":"follow","max-snippet":"max-snippet:-1","max-image-preview":"max-image-preview:large","max-video-preview":"max-video-preview:-1"},"canonical":"https:\/\/youandguide.me\/en\/ponuda\/","og_locale":"en_GB","og_type":"article","og_title":"Ponuda - You and Guide","og_description":"Otkrijte najljep\u0161e ture Crne Gore Istra\u017eite istorijske lokalitete, prirodne ljepote i kulturne dragulje kroz nezaboravna putovanja koja \u0107e vas povezati&hellip; Continue reading Ponuda","og_url":"https:\/\/youandguide.me\/en\/ponuda\/","og_site_name":"You and Guide","article_modified_time":"2026-04-07T12:20:18+00:00","og_image":[{"url":"https:\/\/youandguide.me\/wp-content\/uploads\/2026\/02\/ChatGPT_Image_Feb_27__2026__11_12_18_PM-removebg-preview.png","type":"","width":"","height":""}],"twitter_card":"summary_large_image","twitter_misc":{"Estimated reading time":"2 minutes"},"schema":{"@context":"https:\/\/schema.org","@graph":[{"@type":"WebPage","@id":"https:\/\/youandguide.me\/en\/ponuda\/","url":"https:\/\/youandguide.me\/en\/ponuda\/","name":"Ponuda - You and Guide","isPartOf":{"@id":"https:\/\/youandguide.me\/#website"},"primaryImageOfPage":{"@id":"https:\/\/youandguide.me\/en\/ponuda\/#primaryimage"},"image":{"@id":"https:\/\/youandguide.me\/en\/ponuda\/#primaryimage"},"thumbnailUrl":"https:\/\/youandguide.me\/wp-content\/uploads\/2026\/02\/ChatGPT_Image_Feb_27__2026__11_12_18_PM-removebg-preview.png","datePublished":"2026-02-25T22:37:47+00:00","dateModified":"2026-04-07T12:20:18+00:00","breadcrumb":{"@id":"https:\/\/youandguide.me\/en\/ponuda\/#breadcrumb"},"inLanguage":"en-GB","potentialAction":[{"@type":"ReadAction","target":["https:\/\/youandguide.me\/en\/ponuda\/"]}]},{"@type":"ImageObject","inLanguage":"en-GB","@id":"https:\/\/youandguide.me\/en\/ponuda\/#primaryimage","url":"https:\/\/youandguide.me\/wp-content\/uploads\/2026\/02\/ChatGPT_Image_Feb_27__2026__11_12_18_PM-removebg-preview.png","contentUrl":"https:\/\/youandguide.me\/wp-content\/uploads\/2026\/02\/ChatGPT_Image_Feb_27__2026__11_12_18_PM-removebg-preview.png"},{"@type":"BreadcrumbList","@id":"https:\/\/youandguide.me\/en\/ponuda\/#breadcrumb","itemListElement":[{"@type":"ListItem","position":1,"name":"Home","item":"https:\/\/youandguide.me\/"},{"@type":"ListItem","position":2,"name":"Ponuda"}]},{"@type":"WebSite","@id":"https:\/\/youandguide.me\/#website","url":"https:\/\/youandguide.me\/","name":"You and Guide","description":"Informacioni centar Cetinje","publisher":{"@id":"https:\/\/youandguide.me\/#organization"},"potentialAction":[{"@type":"SearchAction","target":{"@type":"EntryPoint","urlTemplate":"https:\/\/youandguide.me\/?s={search_term_string}"},"query-input":{"@type":"PropertyValueSpecification","valueRequired":true,"valueName":"search_term_string"}}],"inLanguage":"en-GB"},{"@type":"Organization","@id":"https:\/\/youandguide.me\/#organization","name":"You and Guide","url":"https:\/\/youandguide.me\/","logo":{"@type":"ImageObject","inLanguage":"en-GB","@id":"https:\/\/youandguide.me\/#\/schema\/logo\/image\/","url":"https:\/\/youandguide.me\/wp-content\/uploads\/2026\/02\/ChatGPT_Image_Feb_27__2026__12_35_01_AM-removebg-preview.png","contentUrl":"https:\/\/youandguide.me\/wp-content\/uploads\/2026\/02\/ChatGPT_Image_Feb_27__2026__12_35_01_AM-removebg-preview.png","width":1284,"height":194,"caption":"You and Guide"},"image":{"@id":"https:\/\/youandguide.me\/#\/schema\/logo\/image\/"}}]}},"brizy_media":[],"_links":{"self":[{"href":"https:\/\/youandguide.me\/en\/wp-json\/wp\/v2\/pages\/28","targetHints":{"allow":["GET"]}}],"collection":[{"href":"https:\/\/youandguide.me\/en\/wp-json\/wp\/v2\/pages"}],"about":[{"href":"https:\/\/youandguide.me\/en\/wp-json\/wp\/v2\/types\/page"}],"author":[{"embeddable":true,"href":"https:\/\/youandguide.me\/en\/wp-json\/wp\/v2\/users\/1"}],"replies":[{"embeddable":true,"href":"https:\/\/youandguide.me\/en\/wp-json\/wp\/v2\/comments?post=28"}],"version-history":[{"count":9,"href":"https:\/\/youandguide.me\/en\/wp-json\/wp\/v2\/pages\/28\/revisions"}],"predecessor-version":[{"id":611,"href":"https:\/\/youandguide.me\/en\/wp-json\/wp\/v2\/pages\/28\/revisions\/611"}],"wp:attachment":[{"href":"https:\/\/youandguide.me\/en\/wp-json\/wp\/v2\/media?parent=28"}],"curies":[{"name":"wp","href":"https:\/\/api.w.org\/{rel}","templated":true}]}}